{"id":2390,"date":"2024-08-26T15:01:29","date_gmt":"2024-08-26T15:01:29","guid":{"rendered":"https:\/\/saghrotrip.com\/contacta-con-nosotros\/"},"modified":"2025-02-25T17:24:05","modified_gmt":"2025-02-25T17:24:05","slug":"contacta-con-nosotros","status":"publish","type":"page","link":"https:\/\/saghrotrip.com\/es\/contacta-con-nosotros\/","title":{"rendered":"Contacta con nosotros"},"content":{"rendered":"\t\t<div data-elementor-type=\"wp-page\" data-elementor-id=\"2390\" class=\"elementor elementor-2390 elementor-61\" data-elementor-post-type=\"page\">\n\t\t\t\t<div class=\"elementor-element elementor-element-113bcdf2 e-con-full e-flex e-con e-parent\" data-id=\"113bcdf2\" data-element_type=\"container\" data-e-type=\"container\" data-settings=\"{&quot;background_background&quot;:&quot;classic&quot;}\">\n\t\t<div class=\"elementor-element elementor-element-1f179670 e-con-full e-flex e-con e-child\" data-id=\"1f179670\" data-element_type=\"container\" data-e-type=\"container\" data-settings=\"{&quot;background_background&quot;:&quot;classic&quot;}\">\n\t\t\t\t<div class=\"elementor-element elementor-element-78153d99 elementor-widget elementor-widget-heading\" data-id=\"78153d99\" data-element_type=\"widget\" data-e-type=\"widget\" data-widget_type=\"heading.default\">\n\t\t\t\t<div class=\"elementor-widget-container\">\n\t\t\t\t\t<h1 class=\"elementor-heading-title elementor-size-default\">Contacta con nosotros<\/h1>\t\t\t\t<\/div>\n\t\t\t\t<\/div>\n\t\t\t\t<div class=\"elementor-element elementor-element-6b6cadbe elementor-widget__width-initial elementor-widget elementor-widget-heading\" data-id=\"6b6cadbe\" data-element_type=\"widget\" data-e-type=\"widget\" data-widget_type=\"heading.default\">\n\t\t\t\t<div class=\"elementor-widget-container\">\n\t\t\t\t\t<p class=\"elementor-heading-title elementor-size-default\">Estamos deseando ayudarte a planificar tu viaje. Ponte en contacto con Saghro Trip para cualquier consulta. Si deseas hacer una reserva o informarte sobre nuestros servicios, estamos aqu\u00ed para ayudarte. Ponte en contacto con nosotros cuando te venga bien, te responderemos r\u00e1pidamente.     <br><br>Tambi\u00e9n puedes contactar directamente por whatsapp, si es as\u00ed, haz clic en el bot\u00f3n de abajo<br><br><\/p>\t\t\t\t<\/div>\n\t\t\t\t<\/div>\n\t\t\t\t<div class=\"elementor-element elementor-element-7510d55 elementor-widget__width-auto elementor-widget elementor-widget-button\" data-id=\"7510d55\" data-element_type=\"widget\" data-e-type=\"widget\" data-widget_type=\"button.default\">\n\t\t\t\t<div class=\"elementor-widget-container\">\n\t\t\t\t\t\t\t\t\t<div class=\"elementor-button-wrapper\">\n\t\t\t\t\t<a class=\"elementor-button elementor-button-link elementor-size-sm\" href=\"https:\/\/wa.me\/212762940649\">\n\t\t\t\t\t\t<span class=\"elementor-button-content-wrapper\">\n\t\t\t\t\t\t<span class=\"elementor-button-icon\">\n\t\t\t\t<svg aria-hidden=\"true\" class=\"e-font-icon-svg e-fab-whatsapp\" viewBox=\"0 0 448 512\" xmlns=\"http:\/\/www.w3.org\/2000\/svg\"><path d=\"M380.9 97.1C339 55.1 283.2 32 223.9 32c-122.4 0-222 99.6-222 222 0 39.1 10.2 77.3 29.6 111L0 480l117.7-30.9c32.4 17.7 68.9 27 106.1 27h.1c122.3 0 224.1-99.6 224.1-222 0-59.3-25.2-115-67.1-157zm-157 341.6c-33.2 0-65.7-8.9-94-25.7l-6.7-4-69.8 18.3L72 359.2l-4.4-7c-18.5-29.4-28.2-63.3-28.2-98.2 0-101.7 82.8-184.5 184.6-184.5 49.3 0 95.6 19.2 130.4 54.1 34.8 34.9 56.2 81.2 56.1 130.5 0 101.8-84.9 184.6-186.6 184.6zm101.2-138.2c-5.5-2.8-32.8-16.2-37.9-18-5.1-1.9-8.8-2.8-12.5 2.8-3.7 5.6-14.3 18-17.6 21.8-3.2 3.7-6.5 4.2-12 1.4-32.6-16.3-54-29.1-75.5-66-5.7-9.8 5.7-9.1 16.3-30.3 1.8-3.7.9-6.9-.5-9.7-1.4-2.8-12.5-30.1-17.1-41.2-4.5-10.8-9.1-9.3-12.5-9.5-3.2-.2-6.9-.2-10.6-.2-3.7 0-9.7 1.4-14.8 6.9-5.1 5.6-19.4 19-19.4 46.3 0 27.3 19.9 53.7 22.6 57.4 2.8 3.7 39.1 59.7 94.8 83.8 35.2 15.2 49 16.5 66.6 13.9 10.7-1.6 32.8-13.4 37.4-26.4 4.6-13 4.6-24.1 3.2-26.4-1.3-2.5-5-3.9-10.5-6.6z\"><\/path><\/svg>\t\t\t<\/span>\n\t\t\t\t\t\t\t\t\t<span class=\"elementor-button-text\">Contacta con nosotros en Whatsapp<\/span>\n\t\t\t\t\t<\/span>\n\t\t\t\t\t<\/a>\n\t\t\t\t<\/div>\n\t\t\t\t\t\t\t\t<\/div>\n\t\t\t\t<\/div>\n\t\t\t\t<\/div>\n\t\t<div class=\"elementor-element elementor-element-11e14cbf e-con-full e-flex e-con e-child\" data-id=\"11e14cbf\" data-element_type=\"container\" data-e-type=\"container\">\n\t\t\t\t<div class=\"elementor-element elementor-element-1ef42ece elementor-button-align-start elementor-tablet-button-align-center elementor-widget elementor-widget-form\" data-id=\"1ef42ece\" data-element_type=\"widget\" data-e-type=\"widget\" data-settings=\"{&quot;step_next_label&quot;:&quot;Siguiente&quot;,&quot;step_previous_label&quot;:&quot;Anterior&quot;,&quot;button_width&quot;:&quot;100&quot;,&quot;step_type&quot;:&quot;number_text&quot;,&quot;step_icon_shape&quot;:&quot;circle&quot;}\" data-widget_type=\"form.default\">\n\t\t\t\t<div class=\"elementor-widget-container\">\n\t\t\t\t\t\t\t<form class=\"elementor-form\" method=\"post\" name=\"Formulario de contacto\" aria-label=\"Formulario de contacto\">\n\t\t\t<input type=\"hidden\" name=\"post_id\" value=\"2390\"\/>\n\t\t\t<input type=\"hidden\" name=\"form_id\" value=\"1ef42ece\"\/>\n\t\t\t<input type=\"hidden\" name=\"referer_title\" value=\"Contacta con nosotros - Saghro Trip\" \/>\n\n\t\t\t\t\t\t\t<input type=\"hidden\" name=\"queried_id\" value=\"2390\"\/>\n\t\t\t\n\t\t\t<div class=\"elementor-form-fields-wrapper elementor-labels-\">\n\t\t\t\t\t\t\t\t<div class=\"elementor-field-type-text elementor-field-group elementor-column elementor-field-group-name elementor-col-50 elementor-field-required\">\n\t\t\t\t\t\t\t\t\t\t\t\t<label for=\"form-field-name\" class=\"elementor-field-label elementor-screen-only\">\n\t\t\t\t\t\t\t\tTu nombre\t\t\t\t\t\t\t<\/label>\n\t\t\t\t\t\t\t\t\t\t\t\t\t\t<input size=\"1\" type=\"text\" name=\"form_fields[name]\" id=\"form-field-name\" class=\"elementor-field elementor-size-sm  elementor-field-textual\" placeholder=\"Tu nombre\" required=\"required\">\n\t\t\t\t\t\t\t\t\t\t\t<\/div>\n\t\t\t\t\t\t\t\t<div class=\"elementor-field-type-text elementor-field-group elementor-column elementor-field-group-field_b743cd7 elementor-col-50 elementor-field-required\">\n\t\t\t\t\t\t\t\t\t\t\t\t<label for=\"form-field-field_b743cd7\" class=\"elementor-field-label elementor-screen-only\">\n\t\t\t\t\t\t\t\tApellidos\t\t\t\t\t\t\t<\/label>\n\t\t\t\t\t\t\t\t\t\t\t\t\t\t<input size=\"1\" type=\"text\" name=\"form_fields[field_b743cd7]\" id=\"form-field-field_b743cd7\" class=\"elementor-field elementor-size-sm  elementor-field-textual\" placeholder=\"Apellido*\" required=\"required\">\n\t\t\t\t\t\t\t\t\t\t\t<\/div>\n\t\t\t\t\t\t\t\t<div class=\"elementor-field-type-tel elementor-field-group elementor-column elementor-field-group-field_6c180a9 elementor-col-50 elementor-field-required\">\n\t\t\t\t\t\t\t\t\t\t\t\t<label for=\"form-field-field_6c180a9\" class=\"elementor-field-label elementor-screen-only\">\n\t\t\t\t\t\t\t\tN\u00famero de tel\u00e9fono\t\t\t\t\t\t\t<\/label>\n\t\t\t\t\t\t<span class=\"ccfef-editor-intl-input\" data-id=\"form-field-field_6c180a9\" data-field-id=\"6c180a9\" data-default-country=\"us\" data-include-countries=\"\" data-exclude-countries=\"\" data-dial-code-visibility=\"show\" data-strict-mode=\"no\" style=\"display: none;\"><\/span>\t\t<input size=\"1\" type=\"tel\" name=\"form_fields[field_6c180a9]\" id=\"form-field-field_6c180a9\" class=\"elementor-field elementor-size-sm  elementor-field-textual\" placeholder=\"N\u00famero de tel\u00e9fono\" required=\"required\" pattern=\"[0-9()#&amp;+*-=.]+\" title=\"Solo se aceptan n\u00fameros y caracteres de tel\u00e9fono (#,-,*,etc).\">\n\n\t\t\t\t\t\t<\/div>\n\t\t\t\t\t\t\t\t<div class=\"elementor-field-type-email elementor-field-group elementor-column elementor-field-group-email elementor-col-50 elementor-field-required\">\n\t\t\t\t\t\t\t\t\t\t\t\t<label for=\"form-field-email\" class=\"elementor-field-label elementor-screen-only\">\n\t\t\t\t\t\t\t\tEnv\u00eda un correo electr\u00f3nico a\t\t\t\t\t\t\t<\/label>\n\t\t\t\t\t\t\t\t\t\t\t\t\t\t<input size=\"1\" type=\"email\" name=\"form_fields[email]\" id=\"form-field-email\" class=\"elementor-field elementor-size-sm  elementor-field-textual\" placeholder=\"Correo electr\u00f3nico\" required=\"required\">\n\t\t\t\t\t\t\t\t\t\t\t<\/div>\n\t\t\t\t\t\t\t\t<div class=\"elementor-field-type-textarea elementor-field-group elementor-column elementor-field-group-message elementor-col-100\">\n\t\t\t\t\t\t\t\t\t\t\t\t<label for=\"form-field-message\" class=\"elementor-field-label elementor-screen-only\">\n\t\t\t\t\t\t\t\tMensaje\t\t\t\t\t\t\t<\/label>\n\t\t\t\t\t\t<textarea class=\"elementor-field-textual elementor-field  elementor-size-sm\" name=\"form_fields[message]\" id=\"form-field-message\" rows=\"4\" placeholder=\"Mensaje\"><\/textarea>\t\t\t\t<\/div>\n\t\t\t\t\t\t\t\t<div class=\"elementor-field-type-recaptcha elementor-field-group elementor-column elementor-field-group-field_0cb078f elementor-col-100\">\n\t\t\t\t\t<div class=\"elementor-field\" id=\"form-field-field_0cb078f\"><div class=\"elementor-g-recaptcha\" data-sitekey=\"6Le3CYMqAAAAAIdnzTUdESkcnvj8HEDSiyWOexgd\" data-type=\"v2_checkbox\" data-theme=\"light\" data-size=\"normal\"><\/div><\/div>\t\t\t\t<\/div>\n\t\t\t\t\t\t\t\t<div class=\"elementor-field-group elementor-column elementor-field-type-submit elementor-col-100 e-form__buttons\">\n\t\t\t\t\t<button class=\"elementor-button elementor-size-sm\" type=\"submit\">\n\t\t\t\t\t\t<span class=\"elementor-button-content-wrapper\">\n\t\t\t\t\t\t\t\t\t\t\t\t\t\t\t\t\t\t\t\t\t\t<span class=\"elementor-button-text\">Env\u00eda<\/span>\n\t\t\t\t\t\t\t\t\t\t\t\t\t<\/span>\n\t\t\t\t\t<\/button>\n\t\t\t\t<\/div>\n\t\t\t<\/div>\n\t\t<\/form>\n\t\t\t\t\t\t<\/div>\n\t\t\t\t<\/div>\n\t\t\t\t<\/div>\n\t\t\t\t<\/div>\n\t\t\t\t<\/div>\n\t\t","protected":false},"excerpt":{"rendered":"<p>Contacta con nosotros Estamos deseando ayudarte a planificar tu viaje. Ponte en contacto con Saghro Trip para cualquier consulta. Si deseas hacer una reserva o informarte sobre nuestros servicios, estamos aqu\u00ed para ayudarte. Ponte en contacto con nosotros cuando te venga bien, te responderemos r\u00e1pidamente. Tambi\u00e9n puedes contactar directamente por whatsapp, si es as\u00ed, haz [&hellip;]<\/p>\n","protected":false},"author":1,"featured_media":0,"parent":0,"menu_order":0,"comment_status":"closed","ping_status":"closed","template":"","meta":{"_coblocks_attr":"","_coblocks_dimensions":"","_coblocks_responsive_height":"","_coblocks_accordion_ie_support":"","hide_page_title":"","_glsr_average":0,"_glsr_ranking":0,"_glsr_reviews":0,"footnotes":""},"class_list":["post-2390","page","type-page","status-publish","hentry"],"yoast_head":"<!-- This site is optimized with the Yoast SEO Premium plugin v26.6 (Yoast SEO v27.4) - https:\/\/yoast.com\/product\/yoast-seo-premium-wordpress\/ -->\n<title>Contacta con nosotros - Saghro Trip<\/title>\n<meta name=\"robots\" content=\"noindex, follow\" \/>\n<meta property=\"og:locale\" content=\"es_ES\" \/>\n<meta property=\"og:type\" content=\"article\" \/>\n<meta property=\"og:title\" content=\"Contacta con nosotros\" \/>\n<meta property=\"og:description\" content=\"Contacta con nosotros Estamos deseando ayudarte a planificar tu viaje. Ponte en contacto con Saghro Trip para cualquier consulta. Si deseas hacer una reserva o informarte sobre nuestros servicios, estamos aqu\u00ed para ayudarte. Ponte en contacto con nosotros cuando te venga bien, te responderemos r\u00e1pidamente. Tambi\u00e9n puedes contactar directamente por whatsapp, si es as\u00ed, haz [&hellip;]\" \/>\n<meta property=\"og:url\" content=\"https:\/\/saghrotrip.com\/es\/contacta-con-nosotros\/\" \/>\n<meta property=\"og:site_name\" content=\"Saghro Trip\" \/>\n<meta property=\"article:modified_time\" content=\"2025-02-25T17:24:05+00:00\" \/>\n<meta name=\"twitter:card\" content=\"summary_large_image\" \/>\n<script type=\"application\/ld+json\" class=\"yoast-schema-graph\">{\"@context\":\"https:\\\/\\\/schema.org\",\"@graph\":[{\"@type\":\"WebPage\",\"@id\":\"https:\\\/\\\/saghrotrip.com\\\/es\\\/contacta-con-nosotros\\\/\",\"url\":\"https:\\\/\\\/saghrotrip.com\\\/es\\\/contacta-con-nosotros\\\/\",\"name\":\"Contacta con nosotros - Saghro Trip\",\"isPartOf\":{\"@id\":\"https:\\\/\\\/saghrotrip.com\\\/es\\\/#website\"},\"datePublished\":\"2024-08-26T15:01:29+00:00\",\"dateModified\":\"2025-02-25T17:24:05+00:00\",\"breadcrumb\":{\"@id\":\"https:\\\/\\\/saghrotrip.com\\\/es\\\/contacta-con-nosotros\\\/#breadcrumb\"},\"inLanguage\":\"es\",\"potentialAction\":[{\"@type\":\"ReadAction\",\"target\":[\"https:\\\/\\\/saghrotrip.com\\\/es\\\/contacta-con-nosotros\\\/\"]}]},{\"@type\":\"BreadcrumbList\",\"@id\":\"https:\\\/\\\/saghrotrip.com\\\/es\\\/contacta-con-nosotros\\\/#breadcrumb\",\"itemListElement\":[{\"@type\":\"ListItem\",\"position\":1,\"name\":\"Home\",\"item\":\"https:\\\/\\\/saghrotrip.com\\\/es\\\/\"},{\"@type\":\"ListItem\",\"position\":2,\"name\":\"Contacta con nosotros\"}]},{\"@type\":\"WebSite\",\"@id\":\"https:\\\/\\\/saghrotrip.com\\\/es\\\/#website\",\"url\":\"https:\\\/\\\/saghrotrip.com\\\/es\\\/\",\"name\":\"Saghro Trip\",\"description\":\"\",\"publisher\":{\"@id\":\"https:\\\/\\\/saghrotrip.com\\\/es\\\/#organization\"},\"potentialAction\":[{\"@type\":\"SearchAction\",\"target\":{\"@type\":\"EntryPoint\",\"urlTemplate\":\"https:\\\/\\\/saghrotrip.com\\\/es\\\/?s={search_term_string}\"},\"query-input\":{\"@type\":\"PropertyValueSpecification\",\"valueRequired\":true,\"valueName\":\"search_term_string\"}}],\"inLanguage\":\"es\"},{\"@type\":\"Organization\",\"@id\":\"https:\\\/\\\/saghrotrip.com\\\/es\\\/#organization\",\"name\":\"Saghro Trip\",\"url\":\"https:\\\/\\\/saghrotrip.com\\\/es\\\/\",\"logo\":{\"@type\":\"ImageObject\",\"inLanguage\":\"es\",\"@id\":\"https:\\\/\\\/saghrotrip.com\\\/es\\\/#\\\/schema\\\/logo\\\/image\\\/\",\"url\":\"https:\\\/\\\/saghrotrip.com\\\/wp-content\\\/uploads\\\/2024\\\/10\\\/cropped-WhatsApp-Image-2024-10-30-at-11.54.12_83bfbde6-1.webp\",\"contentUrl\":\"https:\\\/\\\/saghrotrip.com\\\/wp-content\\\/uploads\\\/2024\\\/10\\\/cropped-WhatsApp-Image-2024-10-30-at-11.54.12_83bfbde6-1.webp\",\"width\":1117,\"height\":1119,\"caption\":\"Saghro Trip\"},\"image\":{\"@id\":\"https:\\\/\\\/saghrotrip.com\\\/es\\\/#\\\/schema\\\/logo\\\/image\\\/\"}}]}<\/script>\n<!-- \/ Yoast SEO Premium plugin. -->","yoast_head_json":{"title":"Contacta con nosotros - Saghro Trip","robots":{"index":"noindex","follow":"follow"},"og_locale":"es_ES","og_type":"article","og_title":"Contacta con nosotros","og_description":"Contacta con nosotros Estamos deseando ayudarte a planificar tu viaje. Ponte en contacto con Saghro Trip para cualquier consulta. Si deseas hacer una reserva o informarte sobre nuestros servicios, estamos aqu\u00ed para ayudarte. Ponte en contacto con nosotros cuando te venga bien, te responderemos r\u00e1pidamente. Tambi\u00e9n puedes contactar directamente por whatsapp, si es as\u00ed, haz [&hellip;]","og_url":"https:\/\/saghrotrip.com\/es\/contacta-con-nosotros\/","og_site_name":"Saghro Trip","article_modified_time":"2025-02-25T17:24:05+00:00","twitter_card":"summary_large_image","schema":{"@context":"https:\/\/schema.org","@graph":[{"@type":"WebPage","@id":"https:\/\/saghrotrip.com\/es\/contacta-con-nosotros\/","url":"https:\/\/saghrotrip.com\/es\/contacta-con-nosotros\/","name":"Contacta con nosotros - Saghro Trip","isPartOf":{"@id":"https:\/\/saghrotrip.com\/es\/#website"},"datePublished":"2024-08-26T15:01:29+00:00","dateModified":"2025-02-25T17:24:05+00:00","breadcrumb":{"@id":"https:\/\/saghrotrip.com\/es\/contacta-con-nosotros\/#breadcrumb"},"inLanguage":"es","potentialAction":[{"@type":"ReadAction","target":["https:\/\/saghrotrip.com\/es\/contacta-con-nosotros\/"]}]},{"@type":"BreadcrumbList","@id":"https:\/\/saghrotrip.com\/es\/contacta-con-nosotros\/#breadcrumb","itemListElement":[{"@type":"ListItem","position":1,"name":"Home","item":"https:\/\/saghrotrip.com\/es\/"},{"@type":"ListItem","position":2,"name":"Contacta con nosotros"}]},{"@type":"WebSite","@id":"https:\/\/saghrotrip.com\/es\/#website","url":"https:\/\/saghrotrip.com\/es\/","name":"Saghro Trip","description":"","publisher":{"@id":"https:\/\/saghrotrip.com\/es\/#organization"},"potentialAction":[{"@type":"SearchAction","target":{"@type":"EntryPoint","urlTemplate":"https:\/\/saghrotrip.com\/es\/?s={search_term_string}"},"query-input":{"@type":"PropertyValueSpecification","valueRequired":true,"valueName":"search_term_string"}}],"inLanguage":"es"},{"@type":"Organization","@id":"https:\/\/saghrotrip.com\/es\/#organization","name":"Saghro Trip","url":"https:\/\/saghrotrip.com\/es\/","logo":{"@type":"ImageObject","inLanguage":"es","@id":"https:\/\/saghrotrip.com\/es\/#\/schema\/logo\/image\/","url":"https:\/\/saghrotrip.com\/wp-content\/uploads\/2024\/10\/cropped-WhatsApp-Image-2024-10-30-at-11.54.12_83bfbde6-1.webp","contentUrl":"https:\/\/saghrotrip.com\/wp-content\/uploads\/2024\/10\/cropped-WhatsApp-Image-2024-10-30-at-11.54.12_83bfbde6-1.webp","width":1117,"height":1119,"caption":"Saghro Trip"},"image":{"@id":"https:\/\/saghrotrip.com\/es\/#\/schema\/logo\/image\/"}}]}},"_links":{"self":[{"href":"https:\/\/saghrotrip.com\/es\/wp-json\/wp\/v2\/pages\/2390","targetHints":{"allow":["GET"]}}],"collection":[{"href":"https:\/\/saghrotrip.com\/es\/wp-json\/wp\/v2\/pages"}],"about":[{"href":"https:\/\/saghrotrip.com\/es\/wp-json\/wp\/v2\/types\/page"}],"author":[{"embeddable":true,"href":"https:\/\/saghrotrip.com\/es\/wp-json\/wp\/v2\/users\/1"}],"replies":[{"embeddable":true,"href":"https:\/\/saghrotrip.com\/es\/wp-json\/wp\/v2\/comments?post=2390"}],"version-history":[{"count":1,"href":"https:\/\/saghrotrip.com\/es\/wp-json\/wp\/v2\/pages\/2390\/revisions"}],"predecessor-version":[{"id":2395,"href":"https:\/\/saghrotrip.com\/es\/wp-json\/wp\/v2\/pages\/2390\/revisions\/2395"}],"wp:attachment":[{"href":"https:\/\/saghrotrip.com\/es\/wp-json\/wp\/v2\/media?parent=2390"}],"curies":[{"name":"wp","href":"https:\/\/api.w.org\/{rel}","templated":true}]}}